{"id":2225,"date":"2024-10-08T07:16:34","date_gmt":"2024-10-08T07:16:34","guid":{"rendered":"https:\/\/whatsauto.ai\/?page_id=2225"},"modified":"2024-10-14T06:36:50","modified_gmt":"2024-10-14T06:36:50","slug":"politique-en-matiere-de-cookies","status":"publish","type":"page","link":"https:\/\/whatsauto.ai\/french\/politique-en-matiere-de-cookies\/","title":{"rendered":"Politique en mati\u00e8re de cookies"},"content":{"rendered":"<p class=\"p1\">Date d'entr\u00e9e en vigueur : 8 octobre 2024<\/p>\n<p class=\"p1\">Cette politique en mati\u00e8re de cookies explique comment WhatsAuto (\"nous\", \"notre\" ou \"nos\") utilise des cookies et des technologies similaires pour vous reconna\u00eetre lorsque vous visitez notre site Internet. Elle explique ce que sont ces technologies, pourquoi nous les utilisons et comment vous pouvez les contr\u00f4ler.<\/p>\n<p class=\"p3\"><b>1. Qu'est-ce qu'un cookie ?<\/b><b><\/b><\/p>\n<p class=\"p1\">Les cookies sont de petits fichiers de donn\u00e9es qui sont plac\u00e9s sur votre appareil lorsque vous visitez un site web. Ils sont largement utilis\u00e9s pour assurer le bon fonctionnement des sites web, ainsi que pour fournir des informations \u00e0 leurs propri\u00e9taires. Les cookies peuvent \u00eatre des cookies \"de session\", qui sont supprim\u00e9s lorsque vous fermez votre navigateur, ou des cookies \"persistants\", qui restent sur votre appareil jusqu'\u00e0 ce qu'ils expirent ou que vous les supprimiez.<\/p>\n<p class=\"p3\"><b>2. Pourquoi nous utilisons des cookies<\/b><b><\/b><\/p>\n<p class=\"p1\">Nous utilisons des cookies pour plusieurs raisons, notamment<\/p>\n<p class=\"p4\">-<b>Cookies n\u00e9cessaires<\/b>: Ces cookies sont essentiels au fonctionnement de notre site web et de nos services. Ils vous permettent de naviguer sur notre site et d'utiliser ses fonctionnalit\u00e9s, comme l'acc\u00e8s aux zones s\u00e9curis\u00e9es du site.<\/p>\n<p class=\"p4\">-<b>Cookies de performance et d'analyse<\/b>: Ces cookies collectent des informations sur la fa\u00e7on dont vous utilisez notre site web, telles que les pages que vous visitez et les erreurs que vous rencontrez. Les informations collect\u00e9es sont anonymes et sont utilis\u00e9es pour am\u00e9liorer le fonctionnement de notre site.<\/p>\n<p class=\"p4\">-<b>Cookies de fonctionnalit\u00e9<\/b>: Ces cookies permettent \u00e0 notre site de se souvenir de vos pr\u00e9f\u00e9rences, telles que vos pr\u00e9f\u00e9rences linguistiques ou votre localisation, afin de vous offrir une exp\u00e9rience plus personnalis\u00e9e.<\/p>\n<p class=\"p4\">-<b>Cookies publicitaires et de ciblage<\/b>: Ces cookies sont utilis\u00e9s pour vous montrer des publicit\u00e9s pertinentes et nous aider \u00e0 mesurer l'efficacit\u00e9 de nos campagnes publicitaires. Ils peuvent suivre vos habitudes de navigation pour \u00e9tablir un profil de vos int\u00e9r\u00eats.<\/p>\n<p class=\"p3\"><b>3. Les cookies que nous utilisons<\/b><b><\/b><\/p>\n<p class=\"p1\">Les types de cookies que nous pouvons utiliser sont les suivants :<\/p>\n<p class=\"p4\">-<b>Cookies de premi\u00e8re partie<\/b>: Il s'agit de cookies que nous installons directement sur votre appareil.<\/p>\n<p class=\"p4\">-<b>Cookies de tiers<\/b>: Il s'agit de cookies mis en place par des tiers, tels que des fournisseurs d'analyses (par exemple, Google Analytics) ou des annonceurs.<\/p>\n<p class=\"p3\"><b>4. Gestion et d\u00e9sactivation des cookies<\/b><b><\/b><\/p>\n<p class=\"p1\">Vous avez le droit d'accepter ou de refuser les cookies. Vous pouvez g\u00e9rer vos pr\u00e9f\u00e9rences en mati\u00e8re de cookies par le biais des param\u00e8tres de votre navigateur web. Si vous choisissez de d\u00e9sactiver les cookies, vous pouvez toujours utiliser le site Internet de WhatsAuto, mais certaines caract\u00e9ristiques et fonctionnalit\u00e9s peuvent \u00eatre limit\u00e9es.<\/p>\n<p class=\"p5\"><b>Comment g\u00e9rer les cookies :<\/b><b><\/b><\/p>\n<p class=\"p4\">-<b>Param\u00e8tres du navigateur<\/b>: La plupart des navigateurs vous permettent de contr\u00f4ler les cookies par le biais de leurs pr\u00e9f\u00e9rences de param\u00e9trage. Vous trouverez des instructions sur la mani\u00e8re de g\u00e9rer les cookies dans les pages d'aide de votre navigateur web. Voici des liens pour g\u00e9rer les cookies dans les navigateurs les plus courants :<\/p>\n<p class=\"p6\">-<a href=\"https:\/\/support.google.com\/chrome\/answer\/95647?hl=en\" target=\"_blank\" rel=\"noopener\">Google Chrome<\/a><\/p>\n<p class=\"p6\">-<a href=\"https:\/\/support.mozilla.org\/en-US\/kb\/enable-and-disable-cookies-website-preferences\" target=\"_blank\" rel=\"noopener\">Mozilla Firefox<\/a><\/p>\n<p class=\"p6\">-<a href=\"https:\/\/support.apple.com\/guide\/safari\/manage-cookies-and-website-data-sfri11471\/mac\" target=\"_blank\" rel=\"noopener\">Safari<\/a><\/p>\n<p class=\"p6\">-<a href=\"https:\/\/support.microsoft.com\/en-us\/microsoft-edge\/delete-cookies-in-microsoft-edge-63947406-40ac-c3b8-57b9-2a946a29ae09\" target=\"_blank\" rel=\"noopener\">Microsoft Edge<\/a><\/p>\n<p class=\"p1\">Vous pouvez \u00e9galement refuser certains cookies de tiers en vous rendant sur le site Web de la Commission europ\u00e9enne. <a href=\"https:\/\/optout.networkadvertising.org\/\" target=\"_blank\" rel=\"noopener\">Outil d'exclusion de la Network Advertising Initiative<\/a>.<\/p>\n<p class=\"p3\"><b>5. Cookies de tiers<\/b><b><\/b><\/p>\n<p class=\"p1\">Nous pouvons autoriser des prestataires de services tiers, tels que des services d'analyse et des partenaires publicitaires, \u00e0 placer des cookies sur votre appareil afin de recueillir des informations sur vos activit\u00e9s de navigation au fil du temps et sur diff\u00e9rents sites web lorsque vous utilisez notre site. Ces informations peuvent \u00eatre utilis\u00e9es pour analyser et suivre les donn\u00e9es, d\u00e9terminer la popularit\u00e9 de certains contenus et proposer des publicit\u00e9s et des contenus cibl\u00e9s sur vos centres d'int\u00e9r\u00eat.<\/p>\n<p class=\"p3\"><b>6. Modifications de la pr\u00e9sente politique en mati\u00e8re de cookies<\/b><b><\/b><\/p>\n<p class=\"p1\">Nous pouvons mettre \u00e0 jour la pr\u00e9sente politique en mati\u00e8re de cookies de temps \u00e0 autre pour refl\u00e9ter les changements dans notre utilisation des cookies ou pour d'autres raisons op\u00e9rationnelles, juridiques ou r\u00e9glementaires. Nous vous encourageons \u00e0 consulter r\u00e9guli\u00e8rement la pr\u00e9sente politique en mati\u00e8re de cookies afin de rester inform\u00e9 de l'utilisation que nous en faisons.<\/p>\n<p class=\"p3\"><b>7. Nous contacter<\/b><b><\/b><\/p>\n<p class=\"p1\">Si vous avez des questions concernant la pr\u00e9sente politique en mati\u00e8re de cookies, veuillez nous contacter \u00e0 l'adresse suivante<\/p>\n<p class=\"p1\"><b>Courriel<\/b>: support@noorchatbot.com<\/p>\n<p class=\"p1\"><b>Adresse<\/b>: Casper, WY 82609, \u00c9tats-Unis<\/p>","protected":false},"excerpt":{"rendered":"<p>Effective Date: October 8, 2024 This Cookie Policy explains how WhatsAuto (\u201cwe,\u201d \u201cour,\u201d or \u201cus\u201d) uses cookies and similar technologies to recognize you when you visit our website. It explains what these technologies are, why we use them, and how you can control them. 1. What Are Cookies? Cookies are small data files that are [&hellip;]<\/p>\n","protected":false},"author":8,"featured_media":0,"parent":0,"menu_order":0,"comment_status":"closed","ping_status":"closed","template":"","meta":{"inline_featured_image":false,"footnotes":""},"wf_page_folders":[],"class_list":["post-2225","page","type-page","status-publish","hentry"],"_hostinger_reach_plugin_has_subscription_block":false,"_hostinger_reach_plugin_is_elementor":false,"_links":{"self":[{"href":"https:\/\/whatsauto.ai\/french\/wp-json\/wp\/v2\/pages\/2225","targetHints":{"allow":["GET"]}}],"collection":[{"href":"https:\/\/whatsauto.ai\/french\/wp-json\/wp\/v2\/pages"}],"about":[{"href":"https:\/\/whatsauto.ai\/french\/wp-json\/wp\/v2\/types\/page"}],"author":[{"embeddable":true,"href":"https:\/\/whatsauto.ai\/french\/wp-json\/wp\/v2\/users\/8"}],"replies":[{"embeddable":true,"href":"https:\/\/whatsauto.ai\/french\/wp-json\/wp\/v2\/comments?post=2225"}],"version-history":[{"count":3,"href":"https:\/\/whatsauto.ai\/french\/wp-json\/wp\/v2\/pages\/2225\/revisions"}],"predecessor-version":[{"id":3170,"href":"https:\/\/whatsauto.ai\/french\/wp-json\/wp\/v2\/pages\/2225\/revisions\/3170"}],"wp:attachment":[{"href":"https:\/\/whatsauto.ai\/french\/wp-json\/wp\/v2\/media?parent=2225"}],"wp:term":[{"taxonomy":"wf_page_folders","embeddable":true,"href":"https:\/\/whatsauto.ai\/french\/wp-json\/wp\/v2\/wf_page_folders?post=2225"}],"curies":[{"name":"wp","href":"https:\/\/api.w.org\/{rel}","templated":true}]}}